{"id":596,"date":"2025-02-28T07:30:23","date_gmt":"2025-02-28T07:30:23","guid":{"rendered":"https:\/\/www.construircasa.net\/?page_id=596"},"modified":"2025-12-04T15:01:00","modified_gmt":"2025-12-04T15:01:00","slug":"accueil","status":"publish","type":"page","link":"https:\/\/www.construircasa.net\/es\/","title":{"rendered":"accueil"},"content":{"rendered":"\n<div class=\"wp-block-cover slider left-right\" style=\"padding-top:0;padding-right:18%;padding-bottom:0;padding-left:18%;min-height:80vh;aspect-ratio:unset;\"><img loading=\"lazy\" decoding=\"async\" width=\"1600\" height=\"934\" class=\"wp-block-cover__image-background wp-image-258 size-full\" alt=\"\" src=\"https:\/\/www.construircasa.net\/wp-content\/uploads\/2025\/02\/Innovations-habitat-durable-1.webp\" data-object-fit=\"cover\" srcset=\"https:\/\/www.construircasa.net\/wp-content\/uploads\/2025\/02\/Innovations-habitat-durable-1.webp 1600w, https:\/\/www.construircasa.net\/wp-content\/uploads\/2025\/02\/Innovations-habitat-durable-1-300x175.webp 300w, https:\/\/www.construircasa.net\/wp-content\/uploads\/2025\/02\/Innovations-habitat-durable-1-1024x598.webp 1024w, https:\/\/www.construircasa.net\/wp-content\/uploads\/2025\/02\/Innovations-habitat-durable-1-768x448.webp 768w, https:\/\/www.construircasa.net\/wp-content\/uploads\/2025\/02\/Innovations-habitat-durable-1-1536x897.webp 1536w\" sizes=\"auto, (max-width: 1600px) 100vw, 1600px\"><span aria-hidden=\"true\" class=\"wp-block-cover__background has-black-background-color has-background-dim\"><\/span><div class=\"wp-block-cover__inner-container has-global-padding is-layout-constrained wp-container-core-cover-is-layout-88a67bd3 wp-block-cover-is-layout-constrained\">\n<p class=\"has-text-align-center text-slider has-text-color has-link-color wp-elements-f030986466ddc565d7ff94b54f35a675\" style=\"color:#ff6620;font-size:26px;text-transform:uppercase\">Innovaciones en vivienda sostenible<\/p>\n\n\n\n<h1 class=\"wp-block-heading has-text-align-center has-base-2-color has-text-color has-link-color wp-elements-457c988defb49fe5affd7ea43e811b69\" style=\"font-size:60px;font-style:normal;font-weight:700\">Tendencias en vivienda y construcci\u00f3n<\/h1>\n\n\n\n<p class=\"has-text-align-center text-slider animated fadeInUp delay-100ms slow has-base-2-color has-text-color has-link-color wp-elements-ee2bd44c64b5bcc4226d93fed710d540\" style=\"font-size:20px\">El sector de la vivienda y la construcci\u00f3n est\u00e1 experimentando actualmente profundos cambios, marcados por la aparici\u00f3n de nuevas tecnolog\u00edas y una mayor conciencia medioambiental. Desde materiales innovadores, como los presentados en\u00a0<a href=\"https:\/\/www.agrocomposites.fr\/\" target=\"_blank\" rel=\" \">agrocomposites.fr<\/a>, hasta soluciones dom\u00f3ticas avanzadas y conceptos de arquitectura bioclim\u00e1tica, el panorama de la construcci\u00f3n residencial est\u00e1 cambiando para responder a los retos contempor\u00e1neos de sostenibilidad y confort.<\/p>\n<\/div><\/div>\n\n\n\n<div class=\"wp-block-columns are-vertically-aligned-center container is-layout-flex wp-container-core-columns-is-layout-51c0b34d wp-block-columns-is-layout-flex\" style=\"padding-top:var(--wp--preset--spacing--50);padding-bottom:var(--wp--preset--spacing--50)\">\n<div class=\"wp-block-column is-vertically-aligned-center is-layout-flow wp-block-column-is-layout-flow\">\n<figure class=\"wp-block-image aligncenter size-large\"><img decoding=\"async\" src=\"https:\/\/www.construircasa.net\/wp-content\/uploads\/2025\/02\/Conception-architecturale-moderne-pour-un-habitat-optimise-et-durable.webp\" alt=\"\"><\/figure>\n<\/div>\n\n\n\n<div class=\"wp-block-column is-vertically-aligned-center is-layout-flow wp-container-core-column-is-layout-22223934 wp-block-column-is-layout-flow\">\n<h2 class=\"wp-block-heading center-m has-text-color has-link-color wp-elements-876348dfa57f9bb6d72e9def3fabd11d\" style=\"color:#000000;font-size:50px\">Dise\u00f1o arquitect\u00f3nico moderno para una vida optimizada y sostenible<\/h2>\n\n\n\n<div class=\"wp-block-columns is-layout-flex wp-container-core-columns-is-layout-3e50e92f wp-block-columns-is-layout-flex\" style=\"border-top-color:#eaebef;border-top-width:1px;border-bottom-color:#eaebef;border-bottom-width:1px;padding-top:var(--wp--preset--spacing--30);padding-bottom:var(--wp--preset--spacing--30)\">\n<div class=\"wp-block-column is-layout-flow wp-block-column-is-layout-flow\">\n<div class=\"wp-block-columns is-layout-flex wp-container-core-columns-is-layout-28f84493 wp-block-columns-is-layout-flex\">\n<div class=\"wp-block-column is-layout-flow wp-block-column-is-layout-flow\" style=\"flex-basis:33.33%\">\n<figure class=\"wp-block-image size-large center-m\"><img decoding=\"async\" src=\"https:\/\/www.construircasa.net\/wp-content\/uploads\/2025\/02\/Plans-sur-mesure-adaptes.webp\" alt=\"\"><\/figure>\n<\/div>\n\n\n\n<div class=\"wp-block-column is-layout-flow wp-block-column-is-layout-flow\" style=\"flex-basis:66.66%\">\n<h3 class=\"wp-block-heading center-m has-text-color has-link-color wp-elements-676c6c29826a6db9aa3947ea6746db16\" style=\"color:#000000;font-size:26px\">Planes a<br>medida<\/h3>\n\n\n\n<p class=\"center-m\">Dise\u00f1o personalizado<\/p>\n<\/div>\n<\/div>\n<\/div>\n\n\n\n<div class=\"wp-block-column is-layout-flow wp-block-column-is-layout-flow\">\n<div class=\"wp-block-columns is-layout-flex wp-container-core-columns-is-layout-28f84493 wp-block-columns-is-layout-flex\">\n<div class=\"wp-block-column is-layout-flow wp-block-column-is-layout-flow\" style=\"flex-basis:33.33%\">\n<figure class=\"wp-block-image size-large center-m\"><img decoding=\"async\" src=\"https:\/\/www.construircasa.net\/wp-content\/uploads\/2025\/02\/Integration-bioclimatique.webp\" alt=\"\"><\/figure>\n<\/div>\n\n\n\n<div class=\"wp-block-column is-layout-flow wp-block-column-is-layout-flow\" style=\"flex-basis:66.66%\">\n<h3 class=\"wp-block-heading center-m has-text-color has-link-color wp-elements-b3af600f1e1e337928262c02a1ebe22f\" style=\"color:#000000;font-size:26px\">Integraci\u00f3n bioclim\u00e1tica<\/h3>\n\n\n\n<p class=\"center-m\">Arquitectura ecol\u00f3gica<\/p>\n<\/div>\n<\/div>\n<\/div>\n<\/div>\n\n\n\n<p>La arquitectura contempor\u00e1nea favorece ahora los dise\u00f1os a medida que incorporan principios bioclim\u00e1ticos. Los planos de las casas modernas optimizan la orientaci\u00f3n del edificio para maximizar la captaci\u00f3n solar pasiva, reduciendo as\u00ed las necesidades energ\u00e9ticas. La distribuci\u00f3n de los espacios habitables se ha replanteado para favorecer la circulaci\u00f3n natural del aire y la difusi\u00f3n de la luz, creando interiores luminosos y confortables al tiempo que se minimiza la huella ecol\u00f3gica.<\/p>\n<\/div>\n<\/div>\n\n\n\n<div class=\"wp-block-group has-background has-global-padding is-layout-constrained wp-container-core-group-is-layout-d9109b55 wp-block-group-is-layout-constrained\" style=\"background-color:#f2f3f6;padding-top:var(--wp--preset--spacing--40);padding-bottom:var(--wp--preset--spacing--40)\">\n<h2 class=\"wp-block-heading has-text-align-center container has-text-color has-link-color wp-elements-5251bc0fb02a01ac94b1e4d0c95b6100\" style=\"color:#000000;font-size:50px\">Materiales de construcci\u00f3n innovadores para mejorar el rendimiento<\/h2>\n\n\n\n<h3 class=\"wp-block-heading has-text-align-center container has-text-color has-link-color wp-elements-9faa8c0e257d2034e8dd70691e45d1a4\" style=\"color:#000000;font-size:32px\">Aislamiento t\u00e9rmico de alta eficiencia<\/h3>\n<\/div>\n\n\n\n<div class=\"wp-block-group has-background has-global-padding is-layout-constrained wp-block-group-is-layout-constrained\" style=\"background-color:#2a2f42;margin-top:0px;margin-bottom:0px;padding-top:var(--wp--preset--spacing--50);padding-bottom:var(--wp--preset--spacing--50)\">\n<h2 class=\"wp-block-heading has-text-align-center container has-base-2-color has-text-color has-link-color wp-elements-e2322062808b84b8a83da019517510e1\" style=\"font-size:50px\">Soluciones de construcci\u00f3n ecol\u00f3gicas<br>y rentables<\/h2>\n\n\n\n<hr class=\"wp-block-separator has-text-color has-alpha-channel-opacity has-background opacity-100 is-style-wide bor-hr text-center\" style=\"background-color:#f66729;color:#f66729\">\n\n\n\n<p class=\"has-text-align-center container has-base-2-color has-text-color has-link-color wp-elements-4f582d08944bf6763d44fba6b6247273\" style=\"padding-right:var(--wp--preset--spacing--50);padding-left:var(--wp--preset--spacing--50)\">El sector de la construcci\u00f3n est\u00e1 recurriendo a materiales m\u00e1s respetuosos con el medio ambiente, que combinan rendimiento y durabilidad. Los materiales aislantes de origen biol\u00f3gico, como la fibra de madera o la guata de celulosa, son cada vez m\u00e1s populares, ya que ofrecen excelentes propiedades t\u00e9rmicas al tiempo que reducen el impacto del carbono. Los sistemas de construcci\u00f3n con entramado de madera est\u00e1n en auge, ya que permiten una construcci\u00f3n r\u00e1pida y respetuosa con el medio ambiente.<\/p>\n\n\n\n<div class=\"wp-block-columns container pt-5 is-layout-flex wp-container-core-columns-is-layout-28f84493 wp-block-columns-is-layout-flex\">\n<div class=\"wp-block-column is-layout-flow wp-block-column-is-layout-flow\">\n<div class=\"wp-block-gutenberg-custom12-animation-box-block oscar\"><figure style=\"background:#000000\"><img decoding=\"async\" src=\"https:\/\/www.construircasa.net\/wp-content\/uploads\/2025\/02\/Ossature-bois-prefabriquee.webp\"><figcaption><div><li class=\"heading\" style=\"color:#eeeeee;font-size:20px\">Estructura de madera prefabricada<\/li><p class=\"text-content\" style=\"color:#dddddd;font-size:14px\">Montaje r\u00e1pido ecol\u00f3gico<\/p><\/div><\/figcaption><\/figure><\/div>\n<\/div>\n\n\n\n<div class=\"wp-block-column is-layout-flow wp-block-column-is-layout-flow\">\n<div class=\"wp-block-gutenberg-custom12-animation-box-block oscar\"><figure style=\"background:#000000\"><img decoding=\"async\" src=\"https:\/\/www.construircasa.net\/wp-content\/uploads\/2025\/02\/Beton-bas-carbone-innovant.webp\"><figcaption><div><li class=\"heading\" style=\"color:#eeeeee;font-size:20px\">Hormig\u00f3n innovador bajo en carbono<\/li><p class=\"text-content\" style=\"color:#dddddd;font-size:14px\">Duradero y respetuoso con el medio ambiente<\/p><\/div><\/figcaption><\/figure><\/div>\n<\/div>\n\n\n\n<div class=\"wp-block-column is-layout-flow wp-block-column-is-layout-flow\">\n<div class=\"wp-block-gutenberg-custom12-animation-box-block oscar personalise\"><figure style=\"background:#000000\"><img decoding=\"async\" src=\"https:\/\/www.construircasa.net\/wp-content\/uploads\/2025\/02\/Isolation-biosourcee.webp\"><figcaption><div><li class=\"heading\" style=\"color:#eeeeee;font-size:20px\">Isolation biosourc\u00e9e<\/li><p class=\"text-content\" style=\"color:#dddddd;font-size:14px\">Confort t\u00e9rmico natural<\/p><\/div><\/figcaption><\/figure><\/div>\n<\/div>\n<\/div>\n<\/div>\n\n\n\n<div class=\"wp-block-group has-background has-global-padding is-layout-constrained wp-block-group-is-layout-constrained\" style=\"background-color:#f2f3f6;margin-top:0px;margin-bottom:0px;padding-bottom:var(--wp--preset--spacing--40)\">\n<div class=\"wp-block-columns container is-layout-flex wp-container-core-columns-is-layout-51c0b34d wp-block-columns-is-layout-flex\" style=\"padding-top:var(--wp--preset--spacing--50);padding-bottom:var(--wp--preset--spacing--50)\">\n<div class=\"wp-block-column has-background is-layout-flow wp-block-column-is-layout-flow\" style=\"background-color:#ff6620;padding-top:var(--wp--preset--spacing--30);padding-right:var(--wp--preset--spacing--20);padding-bottom:var(--wp--preset--spacing--30);padding-left:var(--wp--preset--spacing--20)\">\n<figure class=\"wp-block-image size-large\"><img decoding=\"async\" src=\"https:\/\/www.construircasa.net\/wp-content\/uploads\/2025\/02\/Toitures-vegetalisees-multifonctions.webp\" alt=\"\"><\/figure>\n\n\n\n<h3 class=\"wp-block-heading has-base-2-color has-text-color has-link-color wp-elements-34c0d2656ea6697df501f7b96190d08e\" style=\"font-size:26px\">Cubiertas verdes multifuncionales<\/h3>\n\n\n\n<p class=\"animated fadeInUp delay-100ms slow has-base-2-color has-text-color has-link-color wp-elements-fe8b31f8b48b639f83211b626a43b1ed\">La integraci\u00f3n de tejados verdes proporciona un aislamiento t\u00e9rmico natural adicional.<\/p>\n<\/div>\n\n\n\n<div class=\"wp-block-column is-layout-flow wp-block-column-is-layout-flow\" style=\"padding-top:var(--wp--preset--spacing--30);padding-right:var(--wp--preset--spacing--20);padding-bottom:var(--wp--preset--spacing--30);padding-left:var(--wp--preset--spacing--20)\">\n<figure class=\"wp-block-image size-large\"><img decoding=\"async\" src=\"https:\/\/www.construircasa.net\/wp-content\/uploads\/2025\/02\/Facades-actives-intelligentes.webp\" alt=\"\"><\/figure>\n\n\n\n<h3 class=\"wp-block-heading has-text-color has-link-color wp-elements-024a6f1bce53e2decd5a4e899efe709b\" style=\"color:#000000;font-size:26px\">Fachadas activas inteligentes<\/h3>\n\n\n\n<p class=\"animated fadeInUp delay-100ms slow\">Los revestimientos fotocatal\u00edticos purifican el aire ambiente a la vez que protegen el edificio.<\/p>\n<\/div>\n\n\n\n<div class=\"wp-block-column is-layout-flow wp-block-column-is-layout-flow\" style=\"padding-top:var(--wp--preset--spacing--30);padding-right:var(--wp--preset--spacing--20);padding-bottom:var(--wp--preset--spacing--30);padding-left:var(--wp--preset--spacing--20)\">\n<figure class=\"wp-block-image size-large\"><img decoding=\"async\" src=\"https:\/\/www.construircasa.net\/wp-content\/uploads\/2025\/02\/Vitrages-dynamiques-autoregulants.webp\" alt=\"\"><\/figure>\n\n\n\n<h3 class=\"wp-block-heading has-text-color has-link-color wp-elements-b663e655ad735d5000677f62e329300c\" style=\"color:#000000;font-size:26px\">Acristalamiento din\u00e1mico autorregulable<\/h3>\n\n\n\n<p class=\"animated fadeInUp delay-100ms slow\">Las ventanas electrocr\u00f3micas se adaptan a la luz solar para un confort \u00f3ptimo.<\/p>\n<\/div>\n<\/div>\n<\/div>\n\n\n\n<div class=\"wp-block-columns are-vertically-aligned-top container is-layout-flex wp-container-core-columns-is-layout-28f84493 wp-block-columns-is-layout-flex\">\n<div class=\"wp-block-column is-vertically-aligned-top position-realtive sec4-img is-layout-flow wp-block-column-is-layout-flow\">\n<figure class=\"wp-block-image alignfull size-large\"><img decoding=\"async\" src=\"https:\/\/www.construircasa.net\/wp-content\/uploads\/2025\/02\/Integration-des-technologies-domotiques-pour-un-habitat-connecte-et-efficient.webp\" alt=\"\"><\/figure>\n<\/div>\n\n\n\n<div class=\"wp-block-column is-vertically-aligned-top position-relative z-2 has-base-2-background-color has-background is-layout-flow wp-block-column-is-layout-flow\" style=\"padding-top:var(--wp--preset--spacing--50);padding-right:var(--wp--preset--spacing--30);padding-bottom:var(--wp--preset--spacing--50);padding-left:var(--wp--preset--spacing--30)\">\n<h2 class=\"wp-block-heading has-text-align-left has-text-color has-link-color wp-elements-663ab9e37eceff7f84ff354b81122d40\" style=\"color:#000000;font-size:50px\">Integraci\u00f3n de tecnolog\u00edas dom\u00f3ticas para un hogar conectado y eficiente<\/h2>\n\n\n\n<hr class=\"wp-block-separator has-text-color has-alpha-channel-opacity has-background opacity-100 is-style-wide bor-hr text-center\" style=\"background-color:#f66729;color:#f66729\">\n\n\n\n<p>La dom\u00f3tica est\u00e1 revolucionando el confort y la eficiencia energ\u00e9tica de los hogares modernos. Si optas por las ideas inspiradoras del sitio web\u00a0<a href=\"https:\/\/www.transformesuacasa.com\/\">transformesuacasa.com<\/a>\u00a0y eliges sistemas de gesti\u00f3n centralizada, podr\u00e1s garantizar un control inteligente de la calefacci\u00f3n, la iluminaci\u00f3n y las persianas, optimizando el consumo de energ\u00eda. Los asistentes de voz facilitan el control del entorno dom\u00e9stico, mientras que los sensores conectados garantizan la supervisi\u00f3n constante de la calidad del aire interior y la seguridad del hogar.<\/p>\n<\/div>\n<\/div>\n\n\n\n<div class=\"wp-block-group has-global-padding is-layout-constrained wp-block-group-is-layout-constrained\" style=\"padding-top:var(--wp--preset--spacing--40);padding-bottom:var(--wp--preset--spacing--40)\">\n<h2 class=\"wp-block-heading has-text-align-center container has-text-color has-link-color wp-elements-06e1132a26191a7d84ff97070efafa50\" style=\"color:#000000;padding-right:10%;padding-left:10%;font-size:50px\">Renovaci\u00f3n energ\u00e9tica: transformar lo existente para un futuro sostenible<\/h2>\n\n\n\n<hr class=\"wp-block-separator has-text-color has-alpha-channel-opacity has-background opacity-100 is-style-wide bor-hr text-center\" style=\"background-color:#f66729;color:#f66729\">\n\n\n\n<p class=\"has-text-align-center container\" style=\"padding-right:var(--wp--preset--spacing--50);padding-left:var(--wp--preset--spacing--50)\">La renovaci\u00f3n energ\u00e9tica de los edificios existentes es un reto importante para reducir la huella de carbono del sector residencial. Las t\u00e9cnicas de aislamiento t\u00e9rmico exterior pueden mejorar considerablemente el rendimiento energ\u00e9tico sin reducir el espacio habitable. Sustituir los sistemas de calefacci\u00f3n obsoletos por soluciones m\u00e1s eficientes, como las bombas de calor, ayuda a reducir el consumo de energ\u00eda.<\/p>\n\n\n\n<div class=\"wp-block-columns container pt-5 is-layout-flex wp-container-core-columns-is-layout-ce193fdf wp-block-columns-is-layout-flex\" style=\"margin-top:0px;margin-bottom:0px\">\n<div class=\"wp-block-column is-layout-flow wp-block-column-is-layout-flow\">\n<figure class=\"wp-block-image alignfull size-large\"><img decoding=\"async\" src=\"https:\/\/www.construircasa.net\/wp-content\/uploads\/2025\/02\/Isolation-thermique-exterieure.webp\" alt=\"\"><\/figure>\n<\/div>\n\n\n\n<div class=\"wp-block-column is-layout-flow wp-block-column-is-layout-flow\">\n<figure class=\"wp-block-image alignfull size-large\"><img decoding=\"async\" src=\"https:\/\/www.construircasa.net\/wp-content\/uploads\/2025\/02\/Ventilation-double-flux-econome.webp\" alt=\"\"><\/figure>\n<\/div>\n\n\n\n<div class=\"wp-block-column is-layout-flow wp-block-column-is-layout-flow\">\n<figure class=\"wp-block-image alignfull size-large\"><img decoding=\"async\" src=\"https:\/\/www.construircasa.net\/wp-content\/uploads\/2025\/02\/Pompes-a-chaleur-efficientes.webp\" alt=\"\"><\/figure>\n<\/div>\n<\/div>\n\n\n\n<div class=\"wp-block-columns container is-layout-flex wp-container-core-columns-is-layout-107a6f69 wp-block-columns-is-layout-flex\" style=\"margin-top:0px;margin-bottom:0px\">\n<div class=\"wp-block-column has-background is-layout-flow wp-block-column-is-layout-flow\" style=\"background-color:#f2f3f6;padding-top:var(--wp--preset--spacing--30);padding-right:var(--wp--preset--spacing--20);padding-bottom:var(--wp--preset--spacing--30);padding-left:var(--wp--preset--spacing--20)\">\n<h3 class=\"wp-block-heading has-text-align-center has-text-color has-link-color wp-elements-81d0b57076a8e6c59fcfe51e20941482\" style=\"color:#000000;font-size:24px\">Aislamiento t\u00e9rmico exterior<\/h3>\n\n\n\n<p class=\"has-text-align-center animated fadeInUp delay-100ms slow\">El aislamiento exterior mejora el rendimiento t\u00e9rmico de los edificios antiguos.<\/p>\n<\/div>\n\n\n\n<div class=\"wp-block-column has-background is-layout-flow wp-block-column-is-layout-flow\" style=\"background-color:#f2f3f6;padding-top:var(--wp--preset--spacing--30);padding-right:var(--wp--preset--spacing--20);padding-bottom:var(--wp--preset--spacing--30);padding-left:var(--wp--preset--spacing--20)\">\n<h3 class=\"wp-block-heading has-text-align-center has-text-color has-link-color wp-elements-0ef24ed9b5d8ba300d19de715118e976\" style=\"color:#000000;font-size:24px\">Ventilaci\u00f3n de doble flujo que ahorra energ\u00eda<\/h3>\n\n\n\n<p class=\"has-text-align-center animated fadeInUp delay-100ms slow\">Los sistemas de ventilaci\u00f3n de doble flujo recuperan el calor del aire extra\u00eddo.<\/p>\n<\/div>\n\n\n\n<div class=\"wp-block-column has-background is-layout-flow wp-block-column-is-layout-flow\" style=\"background-color:#f2f3f6;padding-top:var(--wp--preset--spacing--30);padding-right:var(--wp--preset--spacing--20);padding-bottom:var(--wp--preset--spacing--30);padding-left:var(--wp--preset--spacing--20)\">\n<h3 class=\"wp-block-heading has-text-align-center has-text-color has-link-color wp-elements-f6998abc8aa0af2c853ba9f86bc57fa6\" style=\"color:#000000;font-size:24px\">Bombas de calor eficientes<\/h3>\n\n\n\n<p class=\"has-text-align-center animated fadeInUp delay-100ms slow\">Las bombas de calor aire-agua proporcionan calefacci\u00f3n ecol\u00f3gica y econ\u00f3mica.<\/p>\n<\/div>\n<\/div>\n<\/div>\n\n\n\n<div class=\"wp-block-cover\" style=\"margin-top:var(--wp--preset--spacing--40);padding-top:var(--wp--preset--spacing--50);padding-bottom:var(--wp--preset--spacing--50)\"><img loading=\"lazy\" decoding=\"async\" width=\"1920\" height=\"768\" class=\"wp-block-cover__image-background wp-image-269 size-full\" alt=\"\" src=\"https:\/\/www.construircasa.net\/wp-content\/uploads\/2025\/02\/Habitat-futur-responsable.webp\" data-object-fit=\"cover\" srcset=\"https:\/\/www.construircasa.net\/wp-content\/uploads\/2025\/02\/Habitat-futur-responsable.webp 1920w, https:\/\/www.construircasa.net\/wp-content\/uploads\/2025\/02\/Habitat-futur-responsable-300x120.webp 300w, https:\/\/www.construircasa.net\/wp-content\/uploads\/2025\/02\/Habitat-futur-responsable-1024x410.webp 1024w, https:\/\/www.construircasa.net\/wp-content\/uploads\/2025\/02\/Habitat-futur-responsable-768x307.webp 768w, https:\/\/www.construircasa.net\/wp-content\/uploads\/2025\/02\/Habitat-futur-responsable-1536x614.webp 1536w, https:\/\/www.construircasa.net\/wp-content\/uploads\/2025\/02\/Habitat-futur-responsable-600x240.webp 600w\" sizes=\"auto, (max-width: 1920px) 100vw, 1920px\"><span aria-hidden=\"true\" class=\"wp-block-cover__background has-black-background-color has-background-dim-60 has-background-dim\"><\/span><div class=\"wp-block-cover__inner-container has-global-padding is-layout-constrained wp-block-cover-is-layout-constrained\">\n<p class=\"has-text-align-center has-text-color has-medium-font-size\" style=\"color:#ff6620\">Vivienda responsable para el futuro<\/p>\n\n\n\n<h2 class=\"wp-block-heading has-text-align-center container has-base-2-color has-text-color has-link-color wp-elements-287e1d1c4af88ceb0e0e2d342949eae6\" style=\"font-size:50px\">Equipamiento interior funcional y atractivo est\u00e9tico para un confort \u00f3ptimo<\/h2>\n\n\n\n<hr class=\"wp-block-separator has-text-color has-alpha-channel-opacity has-background opacity-100 is-style-wide bor-hr text-center\" style=\"background-color:#f66729;color:#f66729\">\n\n\n\n<p class=\"has-text-align-center container has-base-2-color has-text-color has-link-color wp-elements-98f7bcc05cfc401b67c043560829e6f4\" style=\"padding-right:var(--wp--preset--spacing--50);padding-left:var(--wp--preset--spacing--50)\">El dise\u00f1o interior de las viviendas modernas pretende conciliar funcionalidad, est\u00e9tica y bienestar. Los conceptos de cocina abierta fomentan la convivencia a la vez que optimizan el espacio. Las soluciones de almacenamiento a medida, como los armarios empotrados, aprovechan al m\u00e1ximo cada rinc\u00f3n. La distribuci\u00f3n de los espacios de trabajo a domicilio es cada vez m\u00e1s importante, con oficinas modulares que puedan adaptarse a las necesidades cambiantes de los teletrabajadores.<\/p>\n<\/div><\/div>\n\n\n\n<div class=\"wp-block-group has-background has-global-padding is-layout-constrained wp-container-core-group-is-layout-6f74ef4a wp-block-group-is-layout-constrained\" style=\"background-color:#ff6620;margin-top:0px;margin-bottom:0px;padding-top:var(--wp--preset--spacing--40);padding-bottom:var(--wp--preset--spacing--40)\">\n<h2 class=\"wp-block-heading has-text-align-center container has-base-2-color has-text-color has-link-color wp-elements-df75391859368cab0edb8eab8b945403\" style=\"font-size:50px\">Espacios exteriores: extender la casa al campo circundante<\/h2>\n\n\n\n<h3 class=\"wp-block-heading has-text-align-center container has-base-2-color has-text-color has-link-color wp-elements-5335880ae275e5741ecc98169cc9a674\" style=\"font-size:32px\">Terrazas bioclim\u00e1ticas modulares<\/h3>\n<\/div>\n","protected":false},"excerpt":{"rendered":"<p>Dise\u00f1o arquitect\u00f3nico moderno para una vida optimizada y sostenible Planes amedida Dise\u00f1o personalizado Integraci\u00f3n bioclim\u00e1tica Arquitectura ecol\u00f3gica La arquitectura contempor\u00e1nea favorece ahora los dise\u00f1os a medida que incorporan principios bioclim\u00e1ticos&#8230;.<\/p>\n","protected":false},"author":1,"featured_media":0,"parent":0,"menu_order":0,"comment_status":"closed","ping_status":"closed","template":"","meta":{"footnotes":""},"class_list":["post-596","page","type-page","status-publish","hentry"],"_links":{"self":[{"href":"https:\/\/www.construircasa.net\/es\/wp-json\/wp\/v2\/pages\/596","targetHints":{"allow":["GET"]}}],"collection":[{"href":"https:\/\/www.construircasa.net\/es\/wp-json\/wp\/v2\/pages"}],"about":[{"href":"https:\/\/www.construircasa.net\/es\/wp-json\/wp\/v2\/types\/page"}],"author":[{"embeddable":true,"href":"https:\/\/www.construircasa.net\/es\/wp-json\/wp\/v2\/users\/1"}],"replies":[{"embeddable":true,"href":"https:\/\/www.construircasa.net\/es\/wp-json\/wp\/v2\/comments?post=596"}],"version-history":[{"count":3,"href":"https:\/\/www.construircasa.net\/es\/wp-json\/wp\/v2\/pages\/596\/revisions"}],"predecessor-version":[{"id":609,"href":"https:\/\/www.construircasa.net\/es\/wp-json\/wp\/v2\/pages\/596\/revisions\/609"}],"wp:attachment":[{"href":"https:\/\/www.construircasa.net\/es\/wp-json\/wp\/v2\/media?parent=596"}],"curies":[{"name":"wp","href":"https:\/\/api.w.org\/{rel}","templated":true}]}}